{"id":90,"date":"2024-11-20T04:19:42","date_gmt":"2024-11-20T04:19:42","guid":{"rendered":"https:\/\/andeanconnect.com\/2025\/?page_id=90"},"modified":"2025-03-27T14:42:58","modified_gmt":"2025-03-27T14:42:58","slug":"castellano","status":"publish","type":"page","link":"https:\/\/andeanconnect.com\/2025\/castellano\/","title":{"rendered":"AndeanConnect"},"content":{"rendered":"<div  data-label=\"About us\" data-id=\"about-image-section-pro\" data-category=\"about\" class=\"about-image-section-pro\" id=\"about-us-2\" style=\"background-color: rgb(255, 255, 255); background-image: none;\" data-ovid=\"ovid-about-us-2-398\"> <div  class=\"gridContainer\"> <div  class=\"row about-image-gridcol-pro\"> <div  class=\"about-image-textcol-pro\" data-type=\"column\"> <h2  class=\"\"> Bienvenidos a AndeanConnect <\/h2>  <\/div> <div  data-type=\"column\" class=\"\"> <img  decoding=\"async\" class=\"about-image-img-pro\" src=\"https:\/\/andeanconnect.com\/2025\/wp-content\/uploads\/2024\/11\/Tierra-Andean-Connect-02B.jpg\" alt=\"\"> <p  class=\"\"><\/p><p  class=\"\">En AndeanConnect, nos dedicamos a tender puentes entre el capital y las oportunidades. Como empresa de servicios de asesor\u00eda profesional, nuestra misi\u00f3n es conectar inversionistas con oportunidades atractivas.<\/p><p  class=\"\">Nuestro equipo est\u00e1 formado por profesionales experimentados dispuestos a ayudarle en cada etapa del proceso de b\u00fasqueda de capital. Entendemos que buscar y asegurar capital puede ser un viaje exigente y complejo. Es por eso que estamos comprometidos a construir los puentes que lo llevar\u00e1n al capital necesario para elevar su negocio.<\/p><p  class=\"\">\n\n<\/p><p  class=\"\">Conf\u00ede en AndeanConnect para navegar a trav\u00e9s del panorama de la inversi\u00f3n y ayudarle a liberar todo el potencial de su negocio.<\/p><\/div> <\/div> <\/div> <\/div><div  data-label=\"Features\" data-id=\"features-image-cards-section-1\" data-category=\"features\" class=\"features-image-cards-section features-image-cards-section-1\" style=\"background-color: rgb(255, 255, 255); background-image: none;\" id=\"features-1\" data-ovid=\"ovid-features-1-1416\"> <div  class=\"gridContainer\"> <div  class=\"features-image-cards-textrow\"> <div  class=\"features-image-cards-textcol dynamic-color\" data-type=\"column\"> <h2  class=\"\">\u00bfPor qu\u00e9 trabajar con nosotros?<\/h2>  <\/div> <\/div> <div  class=\"features-image-cards-innerrow flexbox-list dark-text\" data-type=\"row\"> <div  class=\"features-image-cards-cardcol cp6cols-tablet cp3cols\"> <div  class=\"features-image-cards-cardrow\"><img  decoding=\"async\" class=\"features-image-cards-featimg\" src=\"https:\/\/andeanconnect.com\/2025\/wp-content\/uploads\/2024\/12\/1-1.jpg\" alt=\"\"> <div  class=\"features-image-cards-cardtextrow\" data-type=\"column\"> <h4  class=\"\">Una s\u00f3lida red<\/h4> <p  class=\"\">AndeanConnect aprovecha sus relaciones con inversionistas estrat\u00e9gicos, expertos de la industria y agencias gubernamentales para respaldar el proceso de inversi\u00f3n.<\/p> <hr  class=\"features-image-cards-separator\"> <\/div> <\/div> <\/div> <div  class=\"features-image-cards-cardcol cp6cols-tablet cp3cols\"> <div  class=\"features-image-cards-cardrow\"><img  decoding=\"async\" class=\"features-image-cards-featimg\" src=\"https:\/\/andeanconnect.com\/2025\/wp-content\/uploads\/2024\/12\/6.jpg\" alt=\"\"> <div  class=\"features-image-cards-cardtextrow\" data-type=\"column\"> <h4  class=\"\">Estrategias a la medida<\/h4> <p  class=\"\">Adaptamos nuestros servicios a las necesidades y objetivos de nuestros clientes, garantizando que reciban el apoyo adecuado y orientaci\u00f3n estrat\u00e9gica a lo largo de todo el proceso de inversi\u00f3n.<\/p> <hr  class=\"features-image-cards-separator\"> <\/div> <\/div> <\/div> <div  class=\"features-image-cards-cardcol cp6cols-tablet cp3cols\"> <div  class=\"features-image-cards-cardrow\"><img  decoding=\"async\" class=\"features-image-cards-featimg\" src=\"https:\/\/andeanconnect.com\/2025\/wp-content\/uploads\/2024\/12\/7.jpg\" alt=\"\"> <div  class=\"features-image-cards-cardtextrow\" data-type=\"column\"> <h4  class=\"\">Presencia local<\/h4> <p  class=\"\">Ofrecemos apoyo sobre el terreno y un profundo conocimiento de los mercados locales, lo que mejora nuestra capacidad para poner en contacto a los inversores con las oportunidades adecuadas.<\/p> <hr  class=\"features-image-cards-separator\"> <\/div> <\/div> <\/div> <div  class=\"features-image-cards-cardcol cp6cols-tablet cp3cols\"> <div  class=\"features-image-cards-cardrow\"><img  decoding=\"async\" class=\"features-image-cards-featimg\" src=\"https:\/\/andeanconnect.com\/2025\/wp-content\/uploads\/2024\/12\/8.jpg\" alt=\"\"> <div  class=\"features-image-cards-cardtextrow\" data-type=\"column\"> <h4  class=\"\">Facilitamos conexiones<\/h4> <p  class=\"\">En AndeanConnect, no s\u00f3lo conectamos oportunidades de inversi\u00f3n con capital. Ayudamos a crear relaciones que impulsan el \u00e9xito y el crecimiento a largo plazo.<\/p> <hr  class=\"features-image-cards-separator\"> <\/div> <\/div> <\/div><\/div> <\/div><\/div><div  data-label=\"Overlapable\" data-id=\"stripped-features-image-cards-section-1\" data-category=\"overlapable\" data-=\"\" class=\"features-image-cards-section stripped-features-image-cards-section-1\" data-overlap=\"true\" id=\"overlapable-1\" style=\"background-color: rgb(255, 255, 255);\"> <div  class=\"gridContainer\"> <div  class=\"features-image-cards-innerrow flexbox-list\" data-type=\"row\"> <div  class=\"features-image-cards-cardcol cp6cols-tablet cp3cols\"> <div  class=\"features-image-cards-cardrow\"><img  decoding=\"async\" class=\"features-image-cards-featimg\" src=\"https:\/\/andeanconnect.com\/2025\/wp-content\/uploads\/2024\/12\/9.jpg\" alt=\"\"> <div  class=\"features-image-cards-cardtextrow\" data-type=\"column\"> <h4  class=\"\">Normas \u00e9ticas<\/h4> <p  class=\"\">Cumplimos las normas \u00e9ticas m\u00e1s estrictas en todas nuestras relaciones, garantizando transparencia, integridad y confiabilidad en todos los aspectos de nuestro trabajo.<\/p> <hr  class=\"features-image-cards-separator\"> <\/div> <\/div> <\/div> <div  class=\"features-image-cards-cardcol cp6cols-tablet cp3cols\"> <div  class=\"features-image-cards-cardrow\"><img  decoding=\"async\" class=\"features-image-cards-featimg\" src=\"https:\/\/andeanconnect.com\/2025\/wp-content\/uploads\/2024\/12\/10.jpg\" alt=\"\"> <div  class=\"features-image-cards-cardtextrow\" data-type=\"column\"> <h4  class=\"\">Apoyo Integral<\/h4> <p  class=\"\">Desde nuestra presentaci\u00f3n hasta el cierre de la operaci\u00f3n, AndeanConnect presta una asesor\u00eda completa, ayudando a que nuestros clientes cumplan las expectativas de los inversionistas.<\/p> <hr  class=\"features-image-cards-separator\"> <\/div> <\/div> <\/div> <div  class=\"features-image-cards-cardcol cp6cols-tablet cp3cols\"> <div  class=\"features-image-cards-cardrow\"><img  decoding=\"async\" class=\"features-image-cards-featimg\" src=\"https:\/\/andeanconnect.com\/2025\/wp-content\/uploads\/2024\/12\/11.jpg\" alt=\"\"> <div  class=\"features-image-cards-cardtextrow\" data-type=\"column\"> <h4  class=\"\">Compromiso con la excelencia<\/h4> <p  class=\"\">Nos dedicamos a ofrecer resultados excepcionales y a establecer relaciones a largo plazo con nuestros clientes, dando prioridad a su \u00e9xito y satisfacci\u00f3n por encima de todo<\/p> <hr  class=\"features-image-cards-separator\"> <\/div> <\/div> <\/div> <div  class=\"features-image-cards-cardcol cp6cols-tablet cp3cols\"> <div  class=\"features-image-cards-cardrow\"><img  decoding=\"async\" class=\"features-image-cards-featimg\" src=\"https:\/\/andeanconnect.com\/2025\/wp-content\/uploads\/2024\/12\/12.jpg\" alt=\"\"> <div  class=\"features-image-cards-cardtextrow\" data-type=\"column\"> <h4  class=\"\">Orientaci\u00f3n experta&nbsp;<\/h4> <p  class=\"\">Aprovechando la experiencia internacional, AndeanConnect ofrece informaci\u00f3n sobre tendencias, expectativas de los inversionistas y estrategias para apoyar el crecimiento de los clientes y sus objetivos de inversi\u00f3n.<\/p> <hr  class=\"features-image-cards-separator\"> <\/div> <\/div> <\/div><\/div> <\/div><\/div><div  data-label=\"Features\" data-id=\"features-image-cards-section-2\" data-category=\"features\" class=\"features-image-cards-section features-image-cards-section-2\" style=\"background-color: rgb(255, 255, 255); background-image: none;\" id=\"features-3\" data-ovid=\"ovid-features-3-1485\"> <div  class=\"gridContainer\"> <div  class=\"features-image-cards-textrow\"> <div  class=\"features-image-cards-textcol dynamic-color\" data-type=\"column\"> <h2  class=\"\">Nuestros servicios<\/h2>  <\/div> <\/div> <div  class=\"features-image-cards-innerrow flexbox-list dark-text\" data-type=\"row\"> <div  class=\"features-image-cards-cardcol cp4cols cp6cols-tablet\"> <div  class=\"features-image-cards-cardrow\"><img  decoding=\"async\" class=\"features-image-cards-featimg\" src=\"https:\/\/andeanconnect.com\/2025\/wp-content\/uploads\/2024\/12\/1.jpg\" alt=\"\"> <div  class=\"features-image-cards-cardtextrow\" data-type=\"column\"> <h4  class=\"\">Preparaci\u00f3n para la inversi\u00f3n<\/h4> <p  class=\"\">Conseguir financiaci\u00f3n requiere una preparaci\u00f3n minuciosa, y AndeanConnect ofrece una orientaci\u00f3n completa para garantizar que nuestros clientes est\u00e9n bien preparados para entablar relaciones con posibles inversores. Trabajando en estrecha colaboraci\u00f3n con nuestros clientes, les ayudamos a mejorar su propuesta de valor y presentar un caso convincente a los inversores, aumentando as\u00ed sus posibilidades de \u00e9xito.<\/p> <hr  class=\"features-image-cards-separator\"> <\/div> <\/div> <\/div> <div  class=\"features-image-cards-cardcol cp4cols cp6cols-tablet\"> <div  class=\"features-image-cards-cardrow\"><img  decoding=\"async\" class=\"features-image-cards-featimg\" src=\"https:\/\/andeanconnect.com\/2025\/wp-content\/uploads\/2024\/12\/2.jpg\" alt=\"\"> <div  class=\"features-image-cards-cardtextrow\" data-type=\"column\"> <h4  class=\"\">Reunir a inversores y empresas<\/h4> <p  class=\"\">En AndeanConnect, destacamos por tender puentes entre inversores visionarios y empresas prometedoras. Aprovechando nuestra extensa red y nuestro profundo conocimiento del mercado, facilitamos conexiones impactantes que fomentan oportunidades de inversi\u00f3n transfronterizas e impulsan el crecimiento. Nuestro objetivo es crear un proceso fluido y eficiente que permita a las empresas acceder al capital y a los recursos que necesitan para crecer e innovar.<\/p> <hr  class=\"features-image-cards-separator\"> <\/div> <\/div> <\/div> <div  class=\"features-image-cards-cardcol cp4cols cp6cols-tablet\"> <div  class=\"features-image-cards-cardrow\"><img  decoding=\"async\" class=\"features-image-cards-featimg\" src=\"https:\/\/andeanconnect.com\/2025\/wp-content\/uploads\/2024\/12\/4.jpg\" alt=\"\"> <div  class=\"features-image-cards-cardtextrow\" data-type=\"column\"> <h4  class=\"\">Apoyo integral en el proceso de inversi\u00f3n<\/h4> <p  class=\"\">El proceso de participaci\u00f3n de los inversores puede ser complejo y dif\u00edcil. AndeanConnect ofrece asesoramiento estrat\u00e9gico y t\u00e9cnico para guiar a nuestros clientes a trav\u00e9s de esta fase cr\u00edtica. Asistimos en el desarrollo de materiales de presentaci\u00f3n a medida para los inversores objetivo, preparando documentaci\u00f3n exhaustiva y elaborando respuestas y datos de apoyo para las preguntas de los inversores potenciales. Nuestro objetivo es apoyar a nuestros clientes en sus esfuerzos por relacionarse con los inversores, con el fin \u00faltimo de cerrar con \u00e9xito las operaciones.<\/p> <hr  class=\"features-image-cards-separator\"> <\/div> <\/div> <\/div> <\/div> <\/div><\/div><div  data-label=\"Features\" data-id=\"features-image-cards-section\" data-category=\"features\" class=\"features-image-cards-section\" style=\"background-color: rgb(246, 246, 246); background-image: none;\" id=\"features-2\" data-ovid=\"ovid-features-2-991\"> <div  class=\"gridContainer\"> <div  class=\"features-image-cards-textrow\"> <div  class=\"features-image-cards-textcol dynamic-color\" data-type=\"column\"> <h2  class=\"\">Nuestro equipo<\/h2>  <\/div> <\/div> <div  class=\"features-image-cards-innerrow flexbox-list dark-text\" data-type=\"row\"> <div  class=\"features-image-cards-cardcol cp6cols-tablet cp4cols\"> <div  class=\"features-image-cards-cardrow\"><img  decoding=\"async\" class=\"features-image-cards-featimg\" src=\"https:\/\/andeanconnect.com\/2025\/wp-content\/uploads\/2025\/03\/2.jpg\" alt=\"\"> <div  class=\"features-image-cards-cardtextrow\" data-type=\"column\"> <h4  class=\"\">Jorge Chang \u2013 Socio<\/h4> <p  class=\"\">Como un profesional experimentado en inversiones, finanzas corporativas y gesti\u00f3n de riesgos, ha liderado con \u00e9xito estrategias financieras para empresas multinacionales y organizaciones multilaterales. Aprovecha herramientas cuantitativas, habilidades anal\u00edticas y una s\u00f3lida formaci\u00f3n acad\u00e9mica, con maestr\u00edas en estad\u00edstica, finanzas y negocios internacionales y pol\u00edticas de la Universidad de Georgetown, para ofrecer asesoramiento estrat\u00e9gico. Con base en el \u00e1rea de DC, est\u00e1 comprometido con s\u00f3lidos valores \u00e9ticos y disfruta viajar y tocar la guitarra cuando no est\u00e1 analizando los impactos globales en los negocios.<\/p> <hr  class=\"features-image-cards-separator\"> <a  class=\"button color1\" href=\"https:\/\/www.linkedin.com\/in\/jorge-chang-a774776\" target=\"_blank\" data-icon=\"fa-linkedin-square\"><span  class=\"button-icon fa fa-linkedin-square\"><\/span><\/a><a  class=\"button color1\" href=\"mailto:jorge.chang@andeanconnect.com\" target=\"_blank\" data-icon=\"fa-envelope-o\"><span  class=\"button-icon fa fa-envelope-o\"><\/span><\/a><\/div> <\/div> <\/div> <div  class=\"features-image-cards-cardcol cp6cols-tablet cp4cols\"> <div  class=\"features-image-cards-cardrow\"><img  decoding=\"async\" class=\"features-image-cards-featimg\" src=\"https:\/\/andeanconnect.com\/2025\/wp-content\/uploads\/2025\/03\/1.jpg\" alt=\"\"> <div  class=\"features-image-cards-cardtextrow\" data-type=\"column\"> <h4  class=\"\">Jorge Alzamora \u2013 Socio<\/h4> <p  class=\"\">Con dos d\u00e9cadas de experiencia en el \u00e1mbito legal, Jorge se ha consolidado como un experto en transferencia de tecnolog\u00eda y finanzas. Su carrera incluye la creaci\u00f3n y desarrollo de una empresa tecnol\u00f3gica innovadora en el sector minero, donde lider\u00f3 exitosamente los esfuerzos de recaudaci\u00f3n de capital. Adem\u00e1s, su pasi\u00f3n por la tecnolog\u00eda y el emprendimiento lo ha llevado a actuar como mentor y asesor de varias empresas tecnol\u00f3gicas, gui\u00e1ndolas hacia el crecimiento y la sostenibilidad.<\/p> <hr  class=\"features-image-cards-separator\"> <a  class=\"button color1\" href=\"https:\/\/www.linkedin.com\/in\/jorge-alzamora-2921b513\" target=\"_blank\" data-icon=\"fa-linkedin-square\"><span  class=\"button-icon fa fa-linkedin-square\"><\/span><\/a><a  class=\"button color1\" href=\"mailto:jorge.alzamora@andeanconnect.com\" target=\"_blank\" data-icon=\"fa-envelope-o\"><span  class=\"button-icon fa fa-envelope-o\"><\/span><\/a><\/div> <\/div> <\/div>  <\/div> <\/div><\/div><div  data-label=\"Call to action\" data-id=\"cta-blue-section\" data-category=\"cta\" class=\"cta-blue-section\" id=\"cta-1\"> <div  class=\"gridContainer\"> <div  class=\"flexbox-list flexbox-list-align-center row\"> <div  class=\"cta-blue-textcol dynamic-color\"> <h2  class=\"cta-blue-text\"> <b  class=\"element2\"> AndeanConnect<\/b><\/h2> <\/div> <div  class=\"cta-blue-btncol\"> <a  class=\"button big color3 dark-text\" href=\"https:\/\/andeanconnect.com\/2025\/codigo-etico-de-conducta\" target=\"_self\" data-icon=\"\"> Lea el C\u00f3digo \u00c9tico de Conducta <\/a> <\/div> <\/div> <\/div> <\/div><div  data-label=\"Contact\" data-id=\"contact-section\" data-category=\"contact\" data-bg=\"transparent\" class=\"contact-section-formsection white-text contact-section\" id=\"contact-4\" style=\"background-image: none; background-color: rgba(0, 0, 0, 0);\" data-ovid=\"ovid-contact-4-1568\"> <div  class=\"gridContainer\"> <div  class=\"row_224\"> <div  class=\"contact-textrow\"> <div  class=\"contact-textcol dynamic-color\"> <h2 >Cont\u00e1ctenos<\/h2> <p  class=\"white_text\"><\/p> <\/div> <\/div> <\/div> <div  class=\"contact-formcol\" data-content-shortcode=\"one_page_express_contact_form shortcode=&quot;contact-form-7 id=&amp;amp;quot;ac978f3&amp;amp;quot; title=&amp;amp;quot;Contactenos&amp;amp;quot;&quot;\" data-editable=\"true\">\n<div class=\"wpcf7 no-js\" id=\"wpcf7-f413-o1\" lang=\"es-ES\" dir=\"ltr\" data-wpcf7-id=\"413\">\n<div class=\"screen-reader-response\"><p role=\"status\" aria-live=\"polite\" aria-atomic=\"true\"><\/p> <ul><\/ul><\/div>\n<form action=\"\/2025\/wp-json\/wp\/v2\/pages\/90#wpcf7-f413-o1\" method=\"post\" class=\"wpcf7-form init\" aria-label=\"Formulario de contacto\" novalidate=\"novalidate\" data-status=\"init\">\n<fieldset class=\"hidden-fields-container\"><input type=\"hidden\" name=\"_wpcf7\" value=\"413\" \/><input type=\"hidden\" name=\"_wpcf7_version\" value=\"6.1.5\" \/><input type=\"hidden\" name=\"_wpcf7_locale\" value=\"es_ES\" \/><input type=\"hidden\" name=\"_wpcf7_unit_tag\" value=\"wpcf7-f413-o1\" \/><input type=\"hidden\" name=\"_wpcf7_container_post\" value=\"0\" \/><input type=\"hidden\" name=\"_wpcf7_posted_data_hash\" value=\"\" \/>\n<\/fieldset>\n<p><label> Tu nombre<br \/>\n<span class=\"wpcf7-form-control-wrap\" data-name=\"your-name\"><input size=\"40\" maxlength=\"400\" class=\"wpcf7-form-control wpcf7-text wpcf7-validates-as-required\" autocomplete=\"name\" aria-required=\"true\" aria-invalid=\"false\" value=\"\" type=\"text\" name=\"your-name\" \/><\/span> <\/label>\n<\/p>\n<p><label> Tu correo electr\u00f3nico<br \/>\n<span class=\"wpcf7-form-control-wrap\" data-name=\"your-email\"><input size=\"40\" maxlength=\"400\" class=\"wpcf7-form-control wpcf7-email wpcf7-validates-as-required wpcf7-text wpcf7-validates-as-email\" autocomplete=\"email\" aria-required=\"true\" aria-invalid=\"false\" value=\"\" type=\"email\" name=\"your-email\" \/><\/span> <\/label>\n<\/p>\n<p><label> Asunto<br \/>\n<span class=\"wpcf7-form-control-wrap\" data-name=\"your-subject\"><input size=\"40\" maxlength=\"400\" class=\"wpcf7-form-control wpcf7-text wpcf7-validates-as-required\" aria-required=\"true\" aria-invalid=\"false\" value=\"\" type=\"text\" name=\"your-subject\" \/><\/span> <\/label>\n<\/p>\n<p><label> Tu mensaje (opcional)<br \/>\n<span class=\"wpcf7-form-control-wrap\" data-name=\"your-message\"><textarea cols=\"40\" rows=\"10\" maxlength=\"2000\" class=\"wpcf7-form-control wpcf7-textarea\" aria-invalid=\"false\" name=\"your-message\"><\/textarea><\/span> <\/label>\n<\/p>\n<p><input class=\"wpcf7-form-control wpcf7-submit has-spinner\" type=\"submit\" value=\"Enviar\" \/>\n<\/p><div class=\"wpcf7-response-output\" aria-hidden=\"true\"><\/div>\n<\/form>\n<\/div>\n<\/div> <\/div><\/div>","protected":false},"excerpt":{"rendered":"<p>Bienvenidos a AndeanConnect En AndeanConnect, nos dedicamos a tender puentes entre el capital y las oportunidades. Como empresa de servicios de asesor\u00eda profesional, nuestra misi\u00f3n es conectar inversionistas con oportunidades atractivas.Nuestro equipo est\u00e1 formado por profesionales experimentados dispuestos a ayudarle en cada etapa del proceso de b\u00fasqueda de capital. Entendemos que buscar y asegurar capital&hellip; <br \/> <a class=\"button small blue\" href=\"https:\/\/andeanconnect.com\/2025\/three-critical-issues-for-venture-capital-funding-in-2025\/\">Leer m\u00e1s<\/a><\/p>\n","protected":false},"author":3,"featured_media":0,"parent":0,"menu_order":0,"comment_status":"closed","ping_status":"closed","template":"full-width-page.php","meta":{"footnotes":""},"class_list":["post-90","page","type-page","status-publish","hentry"],"_links":{"self":[{"href":"https:\/\/andeanconnect.com\/2025\/wp-json\/wp\/v2\/pages\/90","targetHints":{"allow":["GET"]}}],"collection":[{"href":"https:\/\/andeanconnect.com\/2025\/wp-json\/wp\/v2\/pages"}],"about":[{"href":"https:\/\/andeanconnect.com\/2025\/wp-json\/wp\/v2\/types\/page"}],"author":[{"embeddable":true,"href":"https:\/\/andeanconnect.com\/2025\/wp-json\/wp\/v2\/users\/3"}],"replies":[{"embeddable":true,"href":"https:\/\/andeanconnect.com\/2025\/wp-json\/wp\/v2\/comments?post=90"}],"version-history":[{"count":49,"href":"https:\/\/andeanconnect.com\/2025\/wp-json\/wp\/v2\/pages\/90\/revisions"}],"predecessor-version":[{"id":630,"href":"https:\/\/andeanconnect.com\/2025\/wp-json\/wp\/v2\/pages\/90\/revisions\/630"}],"wp:attachment":[{"href":"https:\/\/andeanconnect.com\/2025\/wp-json\/wp\/v2\/media?parent=90"}],"curies":[{"name":"wp","href":"https:\/\/api.w.org\/{rel}","templated":true}]}}